{"id":9,"date":"2026-03-20T17:28:15","date_gmt":"2026-03-20T17:28:15","guid":{"rendered":"https:\/\/labarritadepan.rkinformatika.online\/?page_id=9"},"modified":"2026-03-26T16:01:06","modified_gmt":"2026-03-26T16:01:06","slug":"contacto","status":"publish","type":"page","link":"https:\/\/labarritadepan.com\/eu\/contacto\/","title":{"rendered":"Kontaktua"},"content":{"rendered":"<div data-elementor-type=\"wp-page\" data-elementor-id=\"9\" class=\"elementor elementor-9\" data-elementor-post-type=\"page\">\n\t\t\t\t<div class=\"elementor-element elementor-element-ea57451 e-flex e-con-boxed e-con e-parent\" data-id=\"ea57451\" data-element_type=\"container\" data-e-type=\"container\" data-settings=\"{&quot;background_background&quot;:&quot;classic&quot;}\">\n\t\t\t\t\t<div class=\"e-con-inner\">\n\t\t\t\t<div class=\"elementor-element elementor-element-bbafae1 elementor-widget elementor-widget-heading\" data-id=\"bbafae1\" data-element_type=\"widget\" data-e-type=\"widget\" data-widget_type=\"heading.default\">\n\t\t\t\t\t<h2 class=\"elementor-heading-title elementor-size-default\">Estamos a tu disposici\u00f3n<\/h2>\t\t\t\t<\/div>\n\t\t\t\t\t<\/div>\n\t\t\t\t<\/div>\n\t\t<div class=\"elementor-element elementor-element-175afda e-flex e-con-boxed e-con e-parent\" data-id=\"175afda\" data-element_type=\"container\" data-e-type=\"container\">\n\t\t\t\t\t<div class=\"e-con-inner\">\n\t\t<div class=\"elementor-element elementor-element-934f797 animated-slow e-flex e-con-boxed elementor-invisible e-con e-child\" data-id=\"934f797\" data-element_type=\"container\" data-e-type=\"container\" data-settings=\"{&quot;background_background&quot;:&quot;classic&quot;,&quot;animation&quot;:&quot;fadeInLeft&quot;}\">\n\t\t\t\t\t<div class=\"e-con-inner\">\n\t\t\t\t<div class=\"elementor-element elementor-element-f53c1ef elementor-widget__width-inherit elementor-widget elementor-widget-heading\" data-id=\"f53c1ef\" data-element_type=\"widget\" data-e-type=\"widget\" data-widget_type=\"heading.default\">\n\t\t\t\t\t<h2 class=\"elementor-heading-title elementor-size-default\">Informaci\u00f3n General<\/h2>\t\t\t\t<\/div>\n\t\t\t\t<div class=\"elementor-element elementor-element-0c0ea0e elementor-widget__width-inherit elementor-widget elementor-widget-heading\" data-id=\"0c0ea0e\" data-element_type=\"widget\" data-e-type=\"widget\" data-widget_type=\"heading.default\">\n\t\t\t\t\t<h2 class=\"elementor-heading-title elementor-size-default\">Tel\u00e9fono<\/h2>\t\t\t\t<\/div>\n\t\t\t\t<div class=\"elementor-element elementor-element-948c26f elementor-widget elementor-widget-heading\" data-id=\"948c26f\" data-element_type=\"widget\" data-e-type=\"widget\" data-widget_type=\"heading.default\">\n\t\t\t\t\t<h2 class=\"elementor-heading-title elementor-size-default\">+34 944 951 321<\/h2>\t\t\t\t<\/div>\n\t\t\t\t<div class=\"elementor-element elementor-element-55180d5 elementor-widget-divider--view-line elementor-widget elementor-widget-divider\" data-id=\"55180d5\" data-element_type=\"widget\" data-e-type=\"widget\" data-widget_type=\"divider.default\">\n\t\t\t\t\t\t\t<div class=\"elementor-divider\">\n\t\t\t<span class=\"elementor-divider-separator\">\n\t\t\t\t\t\t<\/span>\n\t\t<\/div>\n\t\t\t\t\t\t<\/div>\n\t\t\t\t<div class=\"elementor-element elementor-element-f32fb23 elementor-widget__width-inherit elementor-widget elementor-widget-heading\" data-id=\"f32fb23\" data-element_type=\"widget\" data-e-type=\"widget\" data-widget_type=\"heading.default\">\n\t\t\t\t\t<h2 class=\"elementor-heading-title elementor-size-default\">Direcci\u00f3n<\/h2>\t\t\t\t<\/div>\n\t\t\t\t<div class=\"elementor-element elementor-element-af47d81 elementor-widget elementor-widget-heading\" data-id=\"af47d81\" data-element_type=\"widget\" data-e-type=\"widget\" data-widget_type=\"heading.default\">\n\t\t\t\t\t<h2 class=\"elementor-heading-title elementor-size-default\"><a href=\"https:\/\/maps.app.goo.gl\/97NhLqwwXbkJpwCZ9\"> Alameda las Llanas Kalea, 15, 48910 Sestao, Bizkaia<\/a><\/h2>\t\t\t\t<\/div>\n\t\t\t\t<div class=\"elementor-element elementor-element-0eeb2f9 elementor-widget-divider--view-line elementor-widget elementor-widget-divider\" data-id=\"0eeb2f9\" data-element_type=\"widget\" data-e-type=\"widget\" data-widget_type=\"divider.default\">\n\t\t\t\t\t\t\t<div class=\"elementor-divider\">\n\t\t\t<span class=\"elementor-divider-separator\">\n\t\t\t\t\t\t<\/span>\n\t\t<\/div>\n\t\t\t\t\t\t<\/div>\n\t\t\t\t<div class=\"elementor-element elementor-element-724ef62 elementor-widget__width-inherit elementor-widget elementor-widget-heading\" data-id=\"724ef62\" data-element_type=\"widget\" data-e-type=\"widget\" data-widget_type=\"heading.default\">\n\t\t\t\t\t<h2 class=\"elementor-heading-title elementor-size-default\">Horario<\/h2>\t\t\t\t<\/div>\n\t\t\t\t<div class=\"elementor-element elementor-element-8e944a6 elementor-widget elementor-widget-heading\" data-id=\"8e944a6\" data-element_type=\"widget\" data-e-type=\"widget\" data-widget_type=\"heading.default\">\n\t\t\t\t\t<h2 class=\"elementor-heading-title elementor-size-default\">7:30 a 14:30\n<br>17:00 a 20:00 <\/h2>\t\t\t\t<\/div>\n\t\t\t\t\t<\/div>\n\t\t\t\t<\/div>\n\t\t\t\t\t<\/div>\n\t\t\t\t<\/div>\n\t\t<div class=\"elementor-element elementor-element-6b5feba e-con-full e-flex e-con e-parent\" data-id=\"6b5feba\" data-element_type=\"container\" data-e-type=\"container\">\n\t\t\t\t<div class=\"elementor-element elementor-element-fe14b43 elementor-widget elementor-widget-google_maps\" data-id=\"fe14b43\" data-element_type=\"widget\" data-e-type=\"widget\" data-widget_type=\"google_maps.default\">\n\t\t\t\t\t\t\t<div class=\"elementor-custom-embed\">\n\t\t\t<iframe loading=\"lazy\"\n\t\t\t\t\tsrc=\"https:\/\/maps.google.com\/maps?q=%20La%20Barrita%20de%20Pan%20%20Alameda%20las%20Llanas%20Kalea%2C%2015%2C%2048910%20Sestao%2C%20Bizkaia&#038;t=m&#038;z=12&#038;output=embed&#038;iwloc=near\"\n\t\t\t\t\ttitle=\" La Barrita de Pan  Alameda las Llanas Kalea, 15, 48910 Sestao, Bizkaia\"\n\t\t\t\t\taria-label=\" La Barrita de Pan  Alameda las Llanas Kalea, 15, 48910 Sestao, Bizkaia\"\n\t\t\t><\/iframe>\n\t\t<\/div>\n\t\t\t\t\t\t<\/div>\n\t\t\t\t<\/div>\n\t\t\t\t<\/div>","protected":false},"excerpt":{"rendered":"<p>Estamos a tu disposici\u00f3n Informaci\u00f3n General Tel\u00e9fono +34 944 951 321 Direcci\u00f3n Alameda las Llanas Kalea, 15, 48910 Sestao, Bizkaia Horario 7:30 a 14:30 17:00 a 20:00<\/p>","protected":false},"author":1,"featured_media":0,"parent":0,"menu_order":0,"comment_status":"closed","ping_status":"closed","template":"elementor_canvas","meta":{"footnotes":""},"class_list":["post-9","page","type-page","status-publish","hentry"],"yoast_head":"<!-- This site is optimized with the Yoast SEO plugin v27.5 - https:\/\/yoast.com\/product\/yoast-seo-wordpress\/ -->\n<title>Contacto - La Barrita De Pan<\/title>\n<meta name=\"robots\" content=\"index, follow, max-snippet:-1, max-image-preview:large, max-video-preview:-1\" \/>\n<link rel=\"canonical\" href=\"https:\/\/labarritadepan.com\/eu\/contacto\/\" \/>\n<meta property=\"og:locale\" content=\"en_US\" \/>\n<meta property=\"og:type\" content=\"article\" \/>\n<meta property=\"og:title\" content=\"Contacto - La Barrita De Pan\" \/>\n<meta property=\"og:description\" content=\"Estamos a tu disposici\u00f3n Informaci\u00f3n General Tel\u00e9fono +34 944 951 321 Direcci\u00f3n Alameda las Llanas Kalea, 15, 48910 Sestao, Bizkaia Horario 7:30 a 14:30 17:00 a 20:00\" \/>\n<meta property=\"og:url\" content=\"https:\/\/labarritadepan.com\/eu\/contacto\/\" \/>\n<meta property=\"og:site_name\" content=\"La Barrita De Pan\" \/>\n<meta property=\"article:modified_time\" content=\"2026-03-26T16:01:06+00:00\" \/>\n<meta name=\"twitter:card\" content=\"summary_large_image\" \/>\n<meta name=\"twitter:label1\" content=\"Est. reading time\" \/>\n\t<meta name=\"twitter:data1\" content=\"1 minutua\" \/>\n<script type=\"application\/ld+json\" class=\"yoast-schema-graph\">{\"@context\":\"https:\\\/\\\/schema.org\",\"@graph\":[{\"@type\":\"WebPage\",\"@id\":\"https:\\\/\\\/labarritadepan.com\\\/contacto\\\/\",\"url\":\"https:\\\/\\\/labarritadepan.com\\\/contacto\\\/\",\"name\":\"Contacto - La Barrita De Pan\",\"isPartOf\":{\"@id\":\"https:\\\/\\\/labarritadepan.com\\\/#website\"},\"datePublished\":\"2026-03-20T17:28:15+00:00\",\"dateModified\":\"2026-03-26T16:01:06+00:00\",\"breadcrumb\":{\"@id\":\"https:\\\/\\\/labarritadepan.com\\\/contacto\\\/#breadcrumb\"},\"inLanguage\":\"eu\",\"potentialAction\":[{\"@type\":\"ReadAction\",\"target\":[\"https:\\\/\\\/labarritadepan.com\\\/contacto\\\/\"]}]},{\"@type\":\"BreadcrumbList\",\"@id\":\"https:\\\/\\\/labarritadepan.com\\\/contacto\\\/#breadcrumb\",\"itemListElement\":[{\"@type\":\"ListItem\",\"position\":1,\"name\":\"Portada\",\"item\":\"https:\\\/\\\/labarritadepan.com\\\/\"},{\"@type\":\"ListItem\",\"position\":2,\"name\":\"Contacto\"}]},{\"@type\":\"WebSite\",\"@id\":\"https:\\\/\\\/labarritadepan.com\\\/#website\",\"url\":\"https:\\\/\\\/labarritadepan.com\\\/\",\"name\":\"La Barrita De Pan\",\"description\":\"Panader\u00eda en Sestao, Bizkaia  \\\/+34 944 951 321\",\"publisher\":{\"@id\":\"https:\\\/\\\/labarritadepan.com\\\/#organization\"},\"potentialAction\":[{\"@type\":\"SearchAction\",\"target\":{\"@type\":\"EntryPoint\",\"urlTemplate\":\"https:\\\/\\\/labarritadepan.com\\\/?s={search_term_string}\"},\"query-input\":{\"@type\":\"PropertyValueSpecification\",\"valueRequired\":true,\"valueName\":\"search_term_string\"}}],\"inLanguage\":\"eu\"},{\"@type\":\"Organization\",\"@id\":\"https:\\\/\\\/labarritadepan.com\\\/#organization\",\"name\":\"La Barrita De Pan\",\"url\":\"https:\\\/\\\/labarritadepan.com\\\/\",\"logo\":{\"@type\":\"ImageObject\",\"inLanguage\":\"eu\",\"@id\":\"https:\\\/\\\/labarritadepan.com\\\/#\\\/schema\\\/logo\\\/image\\\/\",\"url\":\"https:\\\/\\\/labarritadepan.com\\\/wp-content\\\/uploads\\\/2026\\\/03\\\/labrarritadepan202506_logoarriba-e1774512927505.jpg\",\"contentUrl\":\"https:\\\/\\\/labarritadepan.com\\\/wp-content\\\/uploads\\\/2026\\\/03\\\/labrarritadepan202506_logoarriba-e1774512927505.jpg\",\"width\":174,\"height\":222,\"caption\":\"La Barrita De Pan\"},\"image\":{\"@id\":\"https:\\\/\\\/labarritadepan.com\\\/#\\\/schema\\\/logo\\\/image\\\/\"}}]}<\/script>\n<!-- \/ Yoast SEO plugin. -->","yoast_head_json":{"title":"Contacto - La Barrita De Pan","robots":{"index":"index","follow":"follow","max-snippet":"max-snippet:-1","max-image-preview":"max-image-preview:large","max-video-preview":"max-video-preview:-1"},"canonical":"https:\/\/labarritadepan.com\/eu\/contacto\/","og_locale":"en_US","og_type":"article","og_title":"Contacto - La Barrita De Pan","og_description":"Estamos a tu disposici\u00f3n Informaci\u00f3n General Tel\u00e9fono +34 944 951 321 Direcci\u00f3n Alameda las Llanas Kalea, 15, 48910 Sestao, Bizkaia Horario 7:30 a 14:30 17:00 a 20:00","og_url":"https:\/\/labarritadepan.com\/eu\/contacto\/","og_site_name":"La Barrita De Pan","article_modified_time":"2026-03-26T16:01:06+00:00","twitter_card":"summary_large_image","twitter_misc":{"Est. reading time":"1 minutua"},"schema":{"@context":"https:\/\/schema.org","@graph":[{"@type":"WebPage","@id":"https:\/\/labarritadepan.com\/contacto\/","url":"https:\/\/labarritadepan.com\/contacto\/","name":"Contacto - La Barrita De Pan","isPartOf":{"@id":"https:\/\/labarritadepan.com\/#website"},"datePublished":"2026-03-20T17:28:15+00:00","dateModified":"2026-03-26T16:01:06+00:00","breadcrumb":{"@id":"https:\/\/labarritadepan.com\/contacto\/#breadcrumb"},"inLanguage":"eu","potentialAction":[{"@type":"ReadAction","target":["https:\/\/labarritadepan.com\/contacto\/"]}]},{"@type":"BreadcrumbList","@id":"https:\/\/labarritadepan.com\/contacto\/#breadcrumb","itemListElement":[{"@type":"ListItem","position":1,"name":"Portada","item":"https:\/\/labarritadepan.com\/"},{"@type":"ListItem","position":2,"name":"Contacto"}]},{"@type":"WebSite","@id":"https:\/\/labarritadepan.com\/#website","url":"https:\/\/labarritadepan.com\/","name":"La Barrita De Pan","description":"Panader\u00eda en Sestao, Bizkaia  \/+34 944 951 321","publisher":{"@id":"https:\/\/labarritadepan.com\/#organization"},"potentialAction":[{"@type":"SearchAction","target":{"@type":"EntryPoint","urlTemplate":"https:\/\/labarritadepan.com\/?s={search_term_string}"},"query-input":{"@type":"PropertyValueSpecification","valueRequired":true,"valueName":"search_term_string"}}],"inLanguage":"eu"},{"@type":"Organization","@id":"https:\/\/labarritadepan.com\/#organization","name":"La Barrita De Pan","url":"https:\/\/labarritadepan.com\/","logo":{"@type":"ImageObject","inLanguage":"eu","@id":"https:\/\/labarritadepan.com\/#\/schema\/logo\/image\/","url":"https:\/\/labarritadepan.com\/wp-content\/uploads\/2026\/03\/labrarritadepan202506_logoarriba-e1774512927505.jpg","contentUrl":"https:\/\/labarritadepan.com\/wp-content\/uploads\/2026\/03\/labrarritadepan202506_logoarriba-e1774512927505.jpg","width":174,"height":222,"caption":"La Barrita De Pan"},"image":{"@id":"https:\/\/labarritadepan.com\/#\/schema\/logo\/image\/"}}]}},"_links":{"self":[{"href":"https:\/\/labarritadepan.com\/eu\/wp-json\/wp\/v2\/pages\/9","targetHints":{"allow":["GET"]}}],"collection":[{"href":"https:\/\/labarritadepan.com\/eu\/wp-json\/wp\/v2\/pages"}],"about":[{"href":"https:\/\/labarritadepan.com\/eu\/wp-json\/wp\/v2\/types\/page"}],"author":[{"embeddable":true,"href":"https:\/\/labarritadepan.com\/eu\/wp-json\/wp\/v2\/users\/1"}],"replies":[{"embeddable":true,"href":"https:\/\/labarritadepan.com\/eu\/wp-json\/wp\/v2\/comments?post=9"}],"version-history":[{"count":34,"href":"https:\/\/labarritadepan.com\/eu\/wp-json\/wp\/v2\/pages\/9\/revisions"}],"predecessor-version":[{"id":265,"href":"https:\/\/labarritadepan.com\/eu\/wp-json\/wp\/v2\/pages\/9\/revisions\/265"}],"wp:attachment":[{"href":"https:\/\/labarritadepan.com\/eu\/wp-json\/wp\/v2\/media?parent=9"}],"curies":[{"name":"wp","href":"https:\/\/api.w.org\/{rel}","templated":true}]}}