{"id":8,"date":"2026-03-20T17:27:49","date_gmt":"2026-03-20T17:27:49","guid":{"rendered":"https:\/\/labarritadepan.rkinformatika.online\/?page_id=8"},"modified":"2026-03-26T10:34:13","modified_gmt":"2026-03-26T10:34:13","slug":"productos","status":"publish","type":"page","link":"https:\/\/labarritadepan.com\/eu\/productos\/","title":{"rendered":"Produktuak"},"content":{"rendered":"<div data-elementor-type=\"wp-page\" data-elementor-id=\"8\" class=\"elementor elementor-8\" data-elementor-post-type=\"page\">\n\t\t\t\t<div class=\"elementor-element elementor-element-20489b3 e-flex e-con-boxed e-con e-parent\" data-id=\"20489b3\" data-element_type=\"container\" data-e-type=\"container\" data-settings=\"{&quot;background_background&quot;:&quot;classic&quot;}\">\n\t\t\t\t\t<div class=\"e-con-inner\">\n\t\t\t\t<div class=\"elementor-element elementor-element-0ee8d05 elementor-widget elementor-widget-heading\" data-id=\"0ee8d05\" data-element_type=\"widget\" data-e-type=\"widget\" data-widget_type=\"heading.default\">\n\t\t\t\t\t<h2 class=\"elementor-heading-title elementor-size-default\">Descubre nuestros productos<\/h2>\t\t\t\t<\/div>\n\t\t\t\t\t<\/div>\n\t\t\t\t<\/div>\n\t\t<div class=\"elementor-element elementor-element-4b5671e e-flex e-con-boxed e-con e-parent\" data-id=\"4b5671e\" data-element_type=\"container\" data-e-type=\"container\">\n\t\t\t\t\t<div class=\"e-con-inner\">\n\t\t\t\t<div class=\"elementor-element elementor-element-ab69f74 elementor-widget elementor-widget-heading\" data-id=\"ab69f74\" data-element_type=\"widget\" data-e-type=\"widget\" data-widget_type=\"heading.default\">\n\t\t\t\t\t<h2 class=\"elementor-heading-title elementor-size-default\">Lo mejor de nuestra panader\u00eda:<\/h2>\t\t\t\t<\/div>\n\t\t\t\t\t<\/div>\n\t\t\t\t<\/div>\n\t\t<div class=\"elementor-element elementor-element-710e782 e-flex e-con-boxed e-con e-parent\" data-id=\"710e782\" data-element_type=\"container\" data-e-type=\"container\" data-settings=\"{&quot;background_background&quot;:&quot;gradient&quot;}\">\n\t\t\t\t\t<div class=\"e-con-inner\">\n\t\t<div class=\"elementor-element elementor-element-0a11562 e-con-full e-flex e-con e-child\" data-id=\"0a11562\" data-element_type=\"container\" data-e-type=\"container\" data-settings=\"{&quot;background_background&quot;:&quot;classic&quot;}\">\n\t\t\t\t<div class=\"elementor-element elementor-element-5e498e4 elementor-cta--skin-classic elementor-animated-content elementor-bg-transform elementor-bg-transform-zoom-in elementor-widget elementor-widget-call-to-action\" data-id=\"5e498e4\" data-element_type=\"widget\" data-e-type=\"widget\" data-widget_type=\"call-to-action.default\">\n\t\t\t\t\t\t\t<div class=\"elementor-cta\">\n\t\t\t\t\t<div class=\"elementor-cta__bg-wrapper\">\n\t\t\t\t<div class=\"elementor-cta__bg elementor-bg\" style=\"background-image: url(https:\/\/labarritadepan.com\/wp-content\/uploads\/2026\/03\/panaderia_07-1024x1024.jpg);\" role=\"img\" aria-label=\"panaderia_07\"><\/div>\n\t\t\t\t<div class=\"elementor-cta__bg-overlay\"><\/div>\n\t\t\t<\/div>\n\t\t\t\t\t\t\t<div class=\"elementor-cta__content\">\n\t\t\t\t\n\t\t\t\t\t\t\t\t\t<h2 class=\"elementor-cta__title elementor-cta__content-item elementor-content-item\">\n\t\t\t\t\t\tPan artesanal\t\t\t\t\t<\/h2>\n\t\t\t\t\n\t\t\t\t\t\t\t\t\t<div class=\"elementor-cta__description elementor-cta__content-item elementor-content-item\">\n\t\t\t\t\t\tElaborado diariamente para ofrecer un pan fresco, crujiente y con el sabor de siempre.\t\t\t\t\t<\/div>\n\t\t\t\t\n\t\t\t\t\t\t\t<\/div>\n\t\t\t\t\t\t<\/div>\n\t\t\t\t\t\t<\/div>\n\t\t\t\t<\/div>\n\t\t<div class=\"elementor-element elementor-element-d926c2e e-con-full e-flex e-con e-child\" data-id=\"d926c2e\" data-element_type=\"container\" data-e-type=\"container\" data-settings=\"{&quot;background_background&quot;:&quot;classic&quot;}\">\n\t\t\t\t<div class=\"elementor-element elementor-element-8ff26a6 elementor-cta--skin-classic elementor-animated-content elementor-bg-transform elementor-bg-transform-zoom-in elementor-widget elementor-widget-call-to-action\" data-id=\"8ff26a6\" data-element_type=\"widget\" data-e-type=\"widget\" data-widget_type=\"call-to-action.default\">\n\t\t\t\t\t\t\t<div class=\"elementor-cta\">\n\t\t\t\t\t<div class=\"elementor-cta__bg-wrapper\">\n\t\t\t\t<div class=\"elementor-cta__bg elementor-bg\" style=\"background-image: url(https:\/\/labarritadepan.com\/wp-content\/uploads\/2026\/03\/panaderia_08-1024x1024.jpg);\" role=\"img\" aria-label=\"Processed with VSCO with a6 preset\"><\/div>\n\t\t\t\t<div class=\"elementor-cta__bg-overlay\"><\/div>\n\t\t\t<\/div>\n\t\t\t\t\t\t\t<div class=\"elementor-cta__content\">\n\t\t\t\t\n\t\t\t\t\t\t\t\t\t<h2 class=\"elementor-cta__title elementor-cta__content-item elementor-content-item\">\n\t\t\t\t\t\tBoller\u00eda\t\t\t\t\t<\/h2>\n\t\t\t\t\n\t\t\t\t\t\t\t\t\t<div class=\"elementor-cta__description elementor-cta__content-item elementor-content-item\">\n\t\t\t\t\t\tPiezas tiernas y reci\u00e9n hechas, perfectas para acompa\u00f1ar desayunos y meriendas.\t\t\t\t\t<\/div>\n\t\t\t\t\n\t\t\t\t\t\t\t<\/div>\n\t\t\t\t\t\t<\/div>\n\t\t\t\t\t\t<\/div>\n\t\t\t\t<\/div>\n\t\t<div class=\"elementor-element elementor-element-39516b3 e-con-full e-flex e-con e-child\" data-id=\"39516b3\" data-element_type=\"container\" data-e-type=\"container\" data-settings=\"{&quot;background_background&quot;:&quot;classic&quot;}\">\n\t\t\t\t<div class=\"elementor-element elementor-element-1039445 elementor-cta--skin-classic elementor-animated-content elementor-bg-transform elementor-bg-transform-zoom-in elementor-widget elementor-widget-call-to-action\" data-id=\"1039445\" data-element_type=\"widget\" data-e-type=\"widget\" data-widget_type=\"call-to-action.default\">\n\t\t\t\t\t\t\t<div class=\"elementor-cta\">\n\t\t\t\t\t<div class=\"elementor-cta__bg-wrapper\">\n\t\t\t\t<div class=\"elementor-cta__bg elementor-bg\" style=\"background-image: url(https:\/\/labarritadepan.com\/wp-content\/uploads\/2026\/03\/panaderia_09-1024x1024.jpg);\" role=\"img\" aria-label=\"panaderia_09\"><\/div>\n\t\t\t\t<div class=\"elementor-cta__bg-overlay\"><\/div>\n\t\t\t<\/div>\n\t\t\t\t\t\t\t<div class=\"elementor-cta__content\">\n\t\t\t\t\n\t\t\t\t\t\t\t\t\t<h2 class=\"elementor-cta__title elementor-cta__content-item elementor-content-item\">\n\t\t\t\t\t\tPasteles\t\t\t\t\t<\/h2>\n\t\t\t\t\n\t\t\t\t\t\t\t\t\t<div class=\"elementor-cta__description elementor-cta__content-item elementor-content-item\">\n\t\t\t\t\t\tVariedad de pasteles elaborados con mimo, ideales para cualquier ocasi\u00f3n especial.\t\t\t\t\t<\/div>\n\t\t\t\t\n\t\t\t\t\t\t\t<\/div>\n\t\t\t\t\t\t<\/div>\n\t\t\t\t\t\t<\/div>\n\t\t\t\t<\/div>\n\t\t<div class=\"elementor-element elementor-element-9854f72 e-con-full e-flex e-con e-child\" data-id=\"9854f72\" data-element_type=\"container\" data-e-type=\"container\" data-settings=\"{&quot;background_background&quot;:&quot;classic&quot;}\">\n\t\t\t\t<div class=\"elementor-element elementor-element-38288d2 elementor-cta--skin-classic elementor-animated-content elementor-bg-transform elementor-bg-transform-zoom-in elementor-widget elementor-widget-call-to-action\" data-id=\"38288d2\" data-element_type=\"widget\" data-e-type=\"widget\" data-widget_type=\"call-to-action.default\">\n\t\t\t\t\t\t\t<div class=\"elementor-cta\">\n\t\t\t\t\t<div class=\"elementor-cta__bg-wrapper\">\n\t\t\t\t<div class=\"elementor-cta__bg elementor-bg\" style=\"background-image: url(https:\/\/labarritadepan.com\/wp-content\/uploads\/2026\/03\/panaderia_10-1024x1024.jpg);\" role=\"img\" aria-label=\"panaderia_10\"><\/div>\n\t\t\t\t<div class=\"elementor-cta__bg-overlay\"><\/div>\n\t\t\t<\/div>\n\t\t\t\t\t\t\t<div class=\"elementor-cta__content\">\n\t\t\t\t\n\t\t\t\t\t\t\t\t\t<h2 class=\"elementor-cta__title elementor-cta__content-item elementor-content-item\">\n\t\t\t\t\t\tTartas\t\t\t\t\t<\/h2>\n\t\t\t\t\n\t\t\t\t\t\t\t\t\t<div class=\"elementor-cta__description elementor-cta__content-item elementor-content-item\">\n\t\t\t\t\t\tTartas variadas para celebraciones o para darte un capricho en cualquier momento.\t\t\t\t\t<\/div>\n\t\t\t\t\n\t\t\t\t\t\t\t<\/div>\n\t\t\t\t\t\t<\/div>\n\t\t\t\t\t\t<\/div>\n\t\t\t\t<\/div>\n\t\t<div class=\"elementor-element elementor-element-d59e67f e-con-full e-flex e-con e-child\" data-id=\"d59e67f\" data-element_type=\"container\" data-e-type=\"container\" data-settings=\"{&quot;background_background&quot;:&quot;classic&quot;}\">\n\t\t\t\t<div class=\"elementor-element elementor-element-3129e4c elementor-cta--skin-classic elementor-animated-content elementor-bg-transform elementor-bg-transform-zoom-in elementor-widget elementor-widget-call-to-action\" data-id=\"3129e4c\" data-element_type=\"widget\" data-e-type=\"widget\" data-widget_type=\"call-to-action.default\">\n\t\t\t\t\t\t\t<div class=\"elementor-cta\">\n\t\t\t\t\t<div class=\"elementor-cta__bg-wrapper\">\n\t\t\t\t<div class=\"elementor-cta__bg elementor-bg\" style=\"background-image: url(https:\/\/labarritadepan.com\/wp-content\/uploads\/2026\/03\/panaderia_11-1024x1024.jpg);\" role=\"img\" aria-label=\"Traditional Spanish Christmas sweets turron, polvorones, mantecados on grey table top\"><\/div>\n\t\t\t\t<div class=\"elementor-cta__bg-overlay\"><\/div>\n\t\t\t<\/div>\n\t\t\t\t\t\t\t<div class=\"elementor-cta__content\">\n\t\t\t\t\n\t\t\t\t\t\t\t\t\t<h2 class=\"elementor-cta__title elementor-cta__content-item elementor-content-item\">\n\t\t\t\t\t\tDulces tradicionales\t\t\t\t\t<\/h2>\n\t\t\t\t\n\t\t\t\t\t\t\t\t\t<div class=\"elementor-cta__description elementor-cta__content-item elementor-content-item\">\n\t\t\t\t\t\tRecetas de siempre que mantienen el sabor aut\u00e9ntico de la pasteler\u00eda cl\u00e1sica.\t\t\t\t\t<\/div>\n\t\t\t\t\n\t\t\t\t\t\t\t<\/div>\n\t\t\t\t\t\t<\/div>\n\t\t\t\t\t\t<\/div>\n\t\t\t\t<\/div>\n\t\t<div class=\"elementor-element elementor-element-ce4b1bc e-con-full e-flex e-con e-child\" data-id=\"ce4b1bc\" data-element_type=\"container\" data-e-type=\"container\" data-settings=\"{&quot;background_background&quot;:&quot;classic&quot;}\">\n\t\t\t\t<div class=\"elementor-element elementor-element-b671e22 elementor-cta--skin-classic elementor-animated-content elementor-bg-transform elementor-bg-transform-zoom-in elementor-widget elementor-widget-call-to-action\" data-id=\"b671e22\" data-element_type=\"widget\" data-e-type=\"widget\" data-widget_type=\"call-to-action.default\">\n\t\t\t\t\t\t\t<div class=\"elementor-cta\">\n\t\t\t\t\t<div class=\"elementor-cta__bg-wrapper\">\n\t\t\t\t<div class=\"elementor-cta__bg elementor-bg\" style=\"background-image: url(https:\/\/labarritadepan.com\/wp-content\/uploads\/2026\/03\/panaderia_12-1024x1024.jpg);\" role=\"img\" aria-label=\"Bread, flour sack and ears bunch still life on rustic background\"><\/div>\n\t\t\t\t<div class=\"elementor-cta__bg-overlay\"><\/div>\n\t\t\t<\/div>\n\t\t\t\t\t\t\t<div class=\"elementor-cta__content\">\n\t\t\t\t\n\t\t\t\t\t\t\t\t\t<h2 class=\"elementor-cta__title elementor-cta__content-item elementor-content-item\">\n\t\t\t\t\t\tPan especial\t\t\t\t\t<\/h2>\n\t\t\t\t\n\t\t\t\t\t\t\t\t\t<div class=\"elementor-cta__description elementor-cta__content-item elementor-content-item\">\n\t\t\t\t\t\tDiferentes tipos de pan adaptados a todos los gustos, con distintas texturas y sabores.\t\t\t\t\t<\/div>\n\t\t\t\t\n\t\t\t\t\t\t\t<\/div>\n\t\t\t\t\t\t<\/div>\n\t\t\t\t\t\t<\/div>\n\t\t\t\t<\/div>\n\t\t\t\t\t<\/div>\n\t\t\t\t<\/div>\n\t\t<div class=\"elementor-element elementor-element-95e3200 e-flex e-con-boxed e-con e-parent\" data-id=\"95e3200\" data-element_type=\"container\" data-e-type=\"container\" data-settings=\"{&quot;background_background&quot;:&quot;classic&quot;}\">\n\t\t\t\t\t<div class=\"e-con-inner\">\n\t\t\t\t<div class=\"elementor-element elementor-element-8bb4f50 elementor-widget elementor-widget-heading\" data-id=\"8bb4f50\" data-element_type=\"widget\" data-e-type=\"widget\" data-widget_type=\"heading.default\">\n\t\t\t\t\t<h2 class=\"elementor-heading-title elementor-size-default\">La mejor calidad, siempre.<\/h2>\t\t\t\t<\/div>\n\t\t\t\t<div class=\"elementor-element elementor-element-5142c1b elementor-widget elementor-widget-button\" data-id=\"5142c1b\" data-element_type=\"widget\" data-e-type=\"widget\" data-widget_type=\"button.default\">\n\t\t\t\t\t\t\t\t\t\t<a class=\"elementor-button elementor-button-link elementor-size-sm elementor-animation-grow\" href=\"\/eu\/contacto\/\">\n\t\t\t\t\t\t<span class=\"elementor-button-content-wrapper\">\n\t\t\t\t\t\t<span class=\"elementor-button-icon\">\n\t\t\t\t<svg aria-hidden=\"true\" class=\"e-font-icon-svg e-fas-comment-dots\" viewbox=\"0 0 512 512\" xmlns=\"http:\/\/www.w3.org\/2000\/svg\"><path d=\"M256 32C114.6 32 0 125.1 0 240c0 49.6 21.4 95 57 130.7C44.5 421.1 2.7 466 2.2 466.5c-2.2 2.3-2.8 5.7-1.5 8.7S4.8 480 8 480c66.3 0 116-31.8 140.6-51.4 32.7 12.3 69 19.4 107.4 19.4 141.4 0 256-93.1 256-208S397.4 32 256 32zM128 272c-17.7 0-32-14.3-32-32s14.3-32 32-32 32 14.3 32 32-14.3 32-32 32zm128 0c-17.7 0-32-14.3-32-32s14.3-32 32-32 32 14.3 32 32-14.3 32-32 32zm128 0c-17.7 0-32-14.3-32-32s14.3-32 32-32 32 14.3 32 32-14.3 32-32 32z\"><\/path><\/svg>\t\t\t<\/span>\n\t\t\t\t\t\t\t\t\t<span class=\"elementor-button-text\">Kontaktua<\/span>\n\t\t\t\t\t<\/span>\n\t\t\t\t\t<\/a>\n\t\t\t\t\t\t\t\t<\/div>\n\t\t\t\t\t<\/div>\n\t\t\t\t<\/div>\n\t\t\t\t<\/div>","protected":false},"excerpt":{"rendered":"<p>Descubre nuestros productos Lo mejor de nuestra panader\u00eda: Pan artesanal Elaborado diariamente para ofrecer un pan fresco, crujiente y con el sabor de siempre. Boller\u00eda Piezas tiernas y reci\u00e9n hechas, perfectas para acompa\u00f1ar desayunos y meriendas. Pasteles Variedad de pasteles elaborados con mimo, ideales para cualquier ocasi\u00f3n especial. Tartas Tartas variadas para celebraciones o para [&hellip;]<\/p>\n","protected":false},"author":1,"featured_media":0,"parent":0,"menu_order":0,"comment_status":"closed","ping_status":"closed","template":"elementor_canvas","meta":{"footnotes":""},"class_list":["post-8","page","type-page","status-publish","hentry"],"yoast_head":"<!-- This site is optimized with the Yoast SEO plugin v27.5 - https:\/\/yoast.com\/product\/yoast-seo-wordpress\/ -->\n<title>Productos - La Barrita De Pan<\/title>\n<meta name=\"robots\" content=\"index, follow, max-snippet:-1, max-image-preview:large, max-video-preview:-1\" \/>\n<link rel=\"canonical\" href=\"https:\/\/labarritadepan.com\/eu\/productos\/\" \/>\n<meta property=\"og:locale\" content=\"en_US\" \/>\n<meta property=\"og:type\" content=\"article\" \/>\n<meta property=\"og:title\" content=\"Productos - La Barrita De Pan\" \/>\n<meta property=\"og:description\" content=\"Descubre nuestros productos Lo mejor de nuestra panader\u00eda: Pan artesanal Elaborado diariamente para ofrecer un pan fresco, crujiente y con el sabor de siempre. Boller\u00eda Piezas tiernas y reci\u00e9n hechas, perfectas para acompa\u00f1ar desayunos y meriendas. Pasteles Variedad de pasteles elaborados con mimo, ideales para cualquier ocasi\u00f3n especial. Tartas Tartas variadas para celebraciones o para [&hellip;]\" \/>\n<meta property=\"og:url\" content=\"https:\/\/labarritadepan.com\/eu\/productos\/\" \/>\n<meta property=\"og:site_name\" content=\"La Barrita De Pan\" \/>\n<meta property=\"article:modified_time\" content=\"2026-03-26T10:34:13+00:00\" \/>\n<meta name=\"twitter:card\" content=\"summary_large_image\" \/>\n<meta name=\"twitter:label1\" content=\"Est. reading time\" \/>\n\t<meta name=\"twitter:data1\" content=\"1 minutua\" \/>\n<script type=\"application\/ld+json\" class=\"yoast-schema-graph\">{\"@context\":\"https:\\\/\\\/schema.org\",\"@graph\":[{\"@type\":\"WebPage\",\"@id\":\"https:\\\/\\\/labarritadepan.com\\\/productos\\\/\",\"url\":\"https:\\\/\\\/labarritadepan.com\\\/productos\\\/\",\"name\":\"Productos - La Barrita De Pan\",\"isPartOf\":{\"@id\":\"https:\\\/\\\/labarritadepan.com\\\/#website\"},\"datePublished\":\"2026-03-20T17:27:49+00:00\",\"dateModified\":\"2026-03-26T10:34:13+00:00\",\"breadcrumb\":{\"@id\":\"https:\\\/\\\/labarritadepan.com\\\/productos\\\/#breadcrumb\"},\"inLanguage\":\"eu\",\"potentialAction\":[{\"@type\":\"ReadAction\",\"target\":[\"https:\\\/\\\/labarritadepan.com\\\/productos\\\/\"]}]},{\"@type\":\"BreadcrumbList\",\"@id\":\"https:\\\/\\\/labarritadepan.com\\\/productos\\\/#breadcrumb\",\"itemListElement\":[{\"@type\":\"ListItem\",\"position\":1,\"name\":\"Portada\",\"item\":\"https:\\\/\\\/labarritadepan.com\\\/\"},{\"@type\":\"ListItem\",\"position\":2,\"name\":\"Productos\"}]},{\"@type\":\"WebSite\",\"@id\":\"https:\\\/\\\/labarritadepan.com\\\/#website\",\"url\":\"https:\\\/\\\/labarritadepan.com\\\/\",\"name\":\"La Barrita De Pan\",\"description\":\"Panader\u00eda en Sestao, Bizkaia  \\\/+34 944 951 321\",\"publisher\":{\"@id\":\"https:\\\/\\\/labarritadepan.com\\\/#organization\"},\"potentialAction\":[{\"@type\":\"SearchAction\",\"target\":{\"@type\":\"EntryPoint\",\"urlTemplate\":\"https:\\\/\\\/labarritadepan.com\\\/?s={search_term_string}\"},\"query-input\":{\"@type\":\"PropertyValueSpecification\",\"valueRequired\":true,\"valueName\":\"search_term_string\"}}],\"inLanguage\":\"eu\"},{\"@type\":\"Organization\",\"@id\":\"https:\\\/\\\/labarritadepan.com\\\/#organization\",\"name\":\"La Barrita De Pan\",\"url\":\"https:\\\/\\\/labarritadepan.com\\\/\",\"logo\":{\"@type\":\"ImageObject\",\"inLanguage\":\"eu\",\"@id\":\"https:\\\/\\\/labarritadepan.com\\\/#\\\/schema\\\/logo\\\/image\\\/\",\"url\":\"https:\\\/\\\/labarritadepan.com\\\/wp-content\\\/uploads\\\/2026\\\/03\\\/labrarritadepan202506_logoarriba-e1774512927505.jpg\",\"contentUrl\":\"https:\\\/\\\/labarritadepan.com\\\/wp-content\\\/uploads\\\/2026\\\/03\\\/labrarritadepan202506_logoarriba-e1774512927505.jpg\",\"width\":174,\"height\":222,\"caption\":\"La Barrita De Pan\"},\"image\":{\"@id\":\"https:\\\/\\\/labarritadepan.com\\\/#\\\/schema\\\/logo\\\/image\\\/\"}}]}<\/script>\n<!-- \/ Yoast SEO plugin. -->","yoast_head_json":{"title":"Productos - La Barrita De Pan","robots":{"index":"index","follow":"follow","max-snippet":"max-snippet:-1","max-image-preview":"max-image-preview:large","max-video-preview":"max-video-preview:-1"},"canonical":"https:\/\/labarritadepan.com\/eu\/productos\/","og_locale":"en_US","og_type":"article","og_title":"Productos - La Barrita De Pan","og_description":"Descubre nuestros productos Lo mejor de nuestra panader\u00eda: Pan artesanal Elaborado diariamente para ofrecer un pan fresco, crujiente y con el sabor de siempre. Boller\u00eda Piezas tiernas y reci\u00e9n hechas, perfectas para acompa\u00f1ar desayunos y meriendas. Pasteles Variedad de pasteles elaborados con mimo, ideales para cualquier ocasi\u00f3n especial. Tartas Tartas variadas para celebraciones o para [&hellip;]","og_url":"https:\/\/labarritadepan.com\/eu\/productos\/","og_site_name":"La Barrita De Pan","article_modified_time":"2026-03-26T10:34:13+00:00","twitter_card":"summary_large_image","twitter_misc":{"Est. reading time":"1 minutua"},"schema":{"@context":"https:\/\/schema.org","@graph":[{"@type":"WebPage","@id":"https:\/\/labarritadepan.com\/productos\/","url":"https:\/\/labarritadepan.com\/productos\/","name":"Productos - La Barrita De Pan","isPartOf":{"@id":"https:\/\/labarritadepan.com\/#website"},"datePublished":"2026-03-20T17:27:49+00:00","dateModified":"2026-03-26T10:34:13+00:00","breadcrumb":{"@id":"https:\/\/labarritadepan.com\/productos\/#breadcrumb"},"inLanguage":"eu","potentialAction":[{"@type":"ReadAction","target":["https:\/\/labarritadepan.com\/productos\/"]}]},{"@type":"BreadcrumbList","@id":"https:\/\/labarritadepan.com\/productos\/#breadcrumb","itemListElement":[{"@type":"ListItem","position":1,"name":"Portada","item":"https:\/\/labarritadepan.com\/"},{"@type":"ListItem","position":2,"name":"Productos"}]},{"@type":"WebSite","@id":"https:\/\/labarritadepan.com\/#website","url":"https:\/\/labarritadepan.com\/","name":"La Barrita De Pan","description":"Panader\u00eda en Sestao, Bizkaia  \/+34 944 951 321","publisher":{"@id":"https:\/\/labarritadepan.com\/#organization"},"potentialAction":[{"@type":"SearchAction","target":{"@type":"EntryPoint","urlTemplate":"https:\/\/labarritadepan.com\/?s={search_term_string}"},"query-input":{"@type":"PropertyValueSpecification","valueRequired":true,"valueName":"search_term_string"}}],"inLanguage":"eu"},{"@type":"Organization","@id":"https:\/\/labarritadepan.com\/#organization","name":"La Barrita De Pan","url":"https:\/\/labarritadepan.com\/","logo":{"@type":"ImageObject","inLanguage":"eu","@id":"https:\/\/labarritadepan.com\/#\/schema\/logo\/image\/","url":"https:\/\/labarritadepan.com\/wp-content\/uploads\/2026\/03\/labrarritadepan202506_logoarriba-e1774512927505.jpg","contentUrl":"https:\/\/labarritadepan.com\/wp-content\/uploads\/2026\/03\/labrarritadepan202506_logoarriba-e1774512927505.jpg","width":174,"height":222,"caption":"La Barrita De Pan"},"image":{"@id":"https:\/\/labarritadepan.com\/#\/schema\/logo\/image\/"}}]}},"_links":{"self":[{"href":"https:\/\/labarritadepan.com\/eu\/wp-json\/wp\/v2\/pages\/8","targetHints":{"allow":["GET"]}}],"collection":[{"href":"https:\/\/labarritadepan.com\/eu\/wp-json\/wp\/v2\/pages"}],"about":[{"href":"https:\/\/labarritadepan.com\/eu\/wp-json\/wp\/v2\/types\/page"}],"author":[{"embeddable":true,"href":"https:\/\/labarritadepan.com\/eu\/wp-json\/wp\/v2\/users\/1"}],"replies":[{"embeddable":true,"href":"https:\/\/labarritadepan.com\/eu\/wp-json\/wp\/v2\/comments?post=8"}],"version-history":[{"count":37,"href":"https:\/\/labarritadepan.com\/eu\/wp-json\/wp\/v2\/pages\/8\/revisions"}],"predecessor-version":[{"id":207,"href":"https:\/\/labarritadepan.com\/eu\/wp-json\/wp\/v2\/pages\/8\/revisions\/207"}],"wp:attachment":[{"href":"https:\/\/labarritadepan.com\/eu\/wp-json\/wp\/v2\/media?parent=8"}],"curies":[{"name":"wp","href":"https:\/\/api.w.org\/{rel}","templated":true}]}}