{"id":2,"date":"2026-03-20T09:11:05","date_gmt":"2026-03-20T09:11:05","guid":{"rendered":"https:\/\/labarritadepan.rkinformatika.online\/?page_id=2"},"modified":"2026-03-26T11:18:05","modified_gmt":"2026-03-26T11:18:05","slug":"inicio","status":"publish","type":"page","link":"https:\/\/labarritadepan.com\/eu\/","title":{"rendered":"Hasiera"},"content":{"rendered":"<div data-elementor-type=\"wp-page\" data-elementor-id=\"2\" class=\"elementor elementor-2\" data-elementor-post-type=\"page\">\n\t\t\t\t<div class=\"elementor-element elementor-element-4371c9b e-flex e-con-boxed e-con e-parent\" data-id=\"4371c9b\" data-element_type=\"container\" data-e-type=\"container\" data-settings=\"{&quot;background_background&quot;:&quot;classic&quot;}\">\n\t\t\t\t\t<div class=\"e-con-inner\">\n\t\t\t\t<div class=\"elementor-element elementor-element-c3fbbe4 elementor-widget elementor-widget-heading\" data-id=\"c3fbbe4\" data-element_type=\"widget\" data-e-type=\"widget\" data-widget_type=\"heading.default\">\n\t\t\t\t\t<h2 class=\"elementor-heading-title elementor-size-default\">''La Barrita de Pan''<\/h2>\t\t\t\t<\/div>\n\t\t\t\t\t<\/div>\n\t\t\t\t<\/div>\n\t\t<div class=\"elementor-element elementor-element-3cfcfaf e-flex e-con-boxed e-con e-parent\" data-id=\"3cfcfaf\" data-element_type=\"container\" data-e-type=\"container\">\n\t\t\t\t\t<div class=\"e-con-inner\">\n\t\t<div class=\"elementor-element elementor-element-243b85c e-con-full e-flex e-con e-child\" data-id=\"243b85c\" data-element_type=\"container\" data-e-type=\"container\">\n\t\t\t\t<div class=\"elementor-element elementor-element-e3fd4f2 elementor-widget elementor-widget-heading\" data-id=\"e3fd4f2\" data-element_type=\"widget\" data-e-type=\"widget\" data-widget_type=\"heading.default\">\n\t\t\t\t\t<h2 class=\"elementor-heading-title elementor-size-default\">Guri buruz:<\/h2>\t\t\t\t<\/div>\n\t\t\t\t<div class=\"elementor-element elementor-element-0f6c909 elementor-widget elementor-widget-text-editor\" data-id=\"0f6c909\" data-element_type=\"widget\" data-e-type=\"widget\" data-widget_type=\"text-editor.default\">\n\t\t\t\t\t\t\t\t\t<p>Okindegia eta gozotegia saltzen dituen tokiko saltoki bat gara, eta egunero lan egiten dugu produktu freskoak eta kalitatezkoak eskaintzeko.<\/p><p>Gure okindegian, egunerokotasunerako pentsatutako produktuak aurkituko dituzu, dedikazioarekin eginak eta gustu guztiak asetzera bideratuak.<\/p>\t\t\t\t\t\t\t\t<\/div>\n\t\t\t\t<\/div>\n\t\t<div class=\"elementor-element elementor-element-12de78f e-con-full e-flex e-con e-child\" data-id=\"12de78f\" data-element_type=\"container\" data-e-type=\"container\" data-settings=\"{&quot;background_background&quot;:&quot;classic&quot;}\">\n\t\t\t\t<div class=\"elementor-element elementor-element-f075d27 elementor-widget elementor-widget-image\" data-id=\"f075d27\" data-element_type=\"widget\" data-e-type=\"widget\" data-widget_type=\"image.default\">\n\t\t\t\t\t\t\t\t\t\t\t\t\t\t\t<img fetchpriority=\"high\" decoding=\"async\" width=\"800\" height=\"534\" src=\"https:\/\/labarritadepan.com\/wp-content\/uploads\/2026\/03\/panaderia_02-1024x683.jpg\" class=\"attachment-large size-large wp-image-124\" alt=\"\" srcset=\"https:\/\/labarritadepan.com\/wp-content\/uploads\/2026\/03\/panaderia_02-1024x683.jpg 1024w, https:\/\/labarritadepan.com\/wp-content\/uploads\/2026\/03\/panaderia_02-300x200.jpg 300w, https:\/\/labarritadepan.com\/wp-content\/uploads\/2026\/03\/panaderia_02-768x512.jpg 768w, https:\/\/labarritadepan.com\/wp-content\/uploads\/2026\/03\/panaderia_02-1536x1025.jpg 1536w, https:\/\/labarritadepan.com\/wp-content\/uploads\/2026\/03\/panaderia_02-18x12.jpg 18w, https:\/\/labarritadepan.com\/wp-content\/uploads\/2026\/03\/panaderia_02.jpg 1988w\" sizes=\"(max-width: 800px) 100vw, 800px\" \/>\t\t\t\t\t\t\t\t\t\t\t\t\t\t\t<\/div>\n\t\t\t\t<\/div>\n\t\t\t\t\t<\/div>\n\t\t\t\t<\/div>\n\t\t<div class=\"elementor-element elementor-element-0713ffc e-flex e-con-boxed e-con e-parent\" data-id=\"0713ffc\" data-element_type=\"container\" data-e-type=\"container\">\n\t\t\t\t\t<div class=\"e-con-inner\">\n\t\t<div class=\"elementor-element elementor-element-1fec661 e-con-full e-flex e-con e-child\" data-id=\"1fec661\" data-element_type=\"container\" data-e-type=\"container\">\n\t\t\t\t<div class=\"elementor-element elementor-element-b5f9f24 elementor-widget elementor-widget-heading\" data-id=\"b5f9f24\" data-element_type=\"widget\" data-e-type=\"widget\" data-widget_type=\"heading.default\">\n\t\t\t\t\t<h2 class=\"elementor-heading-title elementor-size-default\">Ez ogia bakarrik...<\/h2>\t\t\t\t<\/div>\n\t\t\t\t<div class=\"elementor-element elementor-element-3b3a2ec elementor-widget elementor-widget-text-editor\" data-id=\"3b3a2ec\" data-element_type=\"widget\" data-e-type=\"widget\" data-widget_type=\"text-editor.default\">\n\t\t\t\t\t\t\t\t\t<p>Gure okindegian, ogia eta gozotegia saltzeaz gain, produktu bakoitzaren kalitatean, hurbiltasunean eta zaintzan oinarritutako lan egiteko modua eskaintzen dugu.<br \/>Guretzat, bezero bakoitza gure historiaren parte da, eta horregatik egiten dugu zerbitzu hurbil, zintzo eta konprometitu baten alde, betiko merkataritza baten funtsari eutsiz.<\/p>\t\t\t\t\t\t\t\t<\/div>\n\t\t\t\t<\/div>\n\t\t<div class=\"elementor-element elementor-element-b863679 e-con-full e-flex e-con e-child\" data-id=\"b863679\" data-element_type=\"container\" data-e-type=\"container\" data-settings=\"{&quot;background_background&quot;:&quot;classic&quot;}\">\n\t\t\t\t<div class=\"elementor-element elementor-element-9a8a1d4 elementor-widget elementor-widget-image\" data-id=\"9a8a1d4\" data-element_type=\"widget\" data-e-type=\"widget\" data-widget_type=\"image.default\">\n\t\t\t\t\t\t\t\t\t\t\t\t\t\t\t<img decoding=\"async\" width=\"800\" height=\"534\" src=\"https:\/\/labarritadepan.com\/wp-content\/uploads\/2026\/03\/panaderia_04-1024x683.jpg\" class=\"attachment-large size-large wp-image-135\" alt=\"\" srcset=\"https:\/\/labarritadepan.com\/wp-content\/uploads\/2026\/03\/panaderia_04-1024x683.jpg 1024w, https:\/\/labarritadepan.com\/wp-content\/uploads\/2026\/03\/panaderia_04-300x200.jpg 300w, https:\/\/labarritadepan.com\/wp-content\/uploads\/2026\/03\/panaderia_04-768x512.jpg 768w, https:\/\/labarritadepan.com\/wp-content\/uploads\/2026\/03\/panaderia_04-1536x1024.jpg 1536w, https:\/\/labarritadepan.com\/wp-content\/uploads\/2026\/03\/panaderia_04-2048x1366.jpg 2048w, https:\/\/labarritadepan.com\/wp-content\/uploads\/2026\/03\/panaderia_04-18x12.jpg 18w\" sizes=\"(max-width: 800px) 100vw, 800px\" \/>\t\t\t\t\t\t\t\t\t\t\t\t\t\t\t<\/div>\n\t\t\t\t<\/div>\n\t\t\t\t\t<\/div>\n\t\t\t\t<\/div>\n\t\t<div class=\"elementor-element elementor-element-0d368ca e-flex e-con-boxed e-con e-parent\" data-id=\"0d368ca\" data-element_type=\"container\" data-e-type=\"container\" data-settings=\"{&quot;background_background&quot;:&quot;classic&quot;}\">\n\t\t\t\t\t<div class=\"e-con-inner\">\n\t\t\t\t<div class=\"elementor-element elementor-element-1ba755c elementor-widget elementor-widget-heading\" data-id=\"1ba755c\" data-element_type=\"widget\" data-e-type=\"widget\" data-widget_type=\"heading.default\">\n\t\t\t\t\t<h2 class=\"elementor-heading-title elementor-size-default\">Ezagutu zer eskain diezazukegun:<\/h2>\t\t\t\t<\/div>\n\t\t\t\t<div class=\"elementor-element elementor-element-4542df7 elementor-widget elementor-widget-button\" data-id=\"4542df7\" data-element_type=\"widget\" data-e-type=\"widget\" data-widget_type=\"button.default\">\n\t\t\t\t\t\t\t\t\t\t<a class=\"elementor-button elementor-button-link elementor-size-sm elementor-animation-grow\" href=\"\/eu\/productos\/\">\n\t\t\t\t\t\t<span class=\"elementor-button-content-wrapper\">\n\t\t\t\t\t\t<span class=\"elementor-button-icon\">\n\t\t\t\t<svg aria-hidden=\"true\" class=\"e-font-icon-svg e-far-hand-point-right\" viewbox=\"0 0 512 512\" xmlns=\"http:\/\/www.w3.org\/2000\/svg\"><path d=\"M428.8 137.6h-86.177a115.52 115.52 0 0 0 2.176-22.4c0-47.914-35.072-83.2-92-83.2-45.314 0-57.002 48.537-75.707 78.784-7.735 12.413-16.994 23.317-25.851 33.253l-.131.146-.129.148C135.662 161.807 127.764 168 120.8 168h-2.679c-5.747-4.952-13.536-8-22.12-8H32c-17.673 0-32 12.894-32 28.8v230.4C0 435.106 14.327 448 32 448h64c8.584 0 16.373-3.048 22.12-8h2.679c28.688 0 67.137 40 127.2 40h21.299c62.542 0 98.8-38.658 99.94-91.145 12.482-17.813 18.491-40.785 15.985-62.791A93.148 93.148 0 0 0 393.152 304H428.8c45.435 0 83.2-37.584 83.2-83.2 0-45.099-38.101-83.2-83.2-83.2zm0 118.4h-91.026c12.837 14.669 14.415 42.825-4.95 61.05 11.227 19.646 1.687 45.624-12.925 53.625 6.524 39.128-10.076 61.325-50.6 61.325H248c-45.491 0-77.21-35.913-120-39.676V215.571c25.239-2.964 42.966-21.222 59.075-39.596 11.275-12.65 21.725-25.3 30.799-39.875C232.355 112.712 244.006 80 252.8 80c23.375 0 44 8.8 44 35.2 0 35.2-26.4 53.075-26.4 70.4h158.4c18.425 0 35.2 16.5 35.2 35.2 0 18.975-16.225 35.2-35.2 35.2zM88 384c0 13.255-10.745 24-24 24s-24-10.745-24-24 10.745-24 24-24 24 10.745 24 24z\"><\/path><\/svg>\t\t\t<\/span>\n\t\t\t\t\t\t\t\t\t<span class=\"elementor-button-text\">Produktuak<\/span>\n\t\t\t\t\t<\/span>\n\t\t\t\t\t<\/a>\n\t\t\t\t\t\t\t\t<\/div>\n\t\t\t\t\t<\/div>\n\t\t\t\t<\/div>\n\t\t\t\t<\/div>","protected":false},"excerpt":{"rendered":"<p>\u00bbLa Barrita de Pan\u00bb Sobre nosotros: Somos un comercio local dedicado a la venta de panader\u00eda y pasteler\u00eda, donde trabajamos cada d\u00eda para ofrecer productos frescos y de calidad. En nuestra panader\u00eda encontrar\u00e1s una selecci\u00f3n de productos pensados para el d\u00eda a d\u00eda, elaborados con dedicaci\u00f3n y orientados a satisfacer todos los gustos. No solo [&hellip;]<\/p>\n","protected":false},"author":1,"featured_media":0,"parent":0,"menu_order":0,"comment_status":"closed","ping_status":"closed","template":"elementor_canvas","meta":{"footnotes":""},"class_list":["post-2","page","type-page","status-publish","hentry"],"yoast_head":"<!-- This site is optimized with the Yoast SEO plugin v27.5 - https:\/\/yoast.com\/product\/yoast-seo-wordpress\/ -->\n<title>Inicio - La Barrita De Pan<\/title>\n<meta name=\"robots\" content=\"index, follow, max-snippet:-1, max-image-preview:large, max-video-preview:-1\" \/>\n<link rel=\"canonical\" href=\"https:\/\/labarritadepan.com\/eu\/\" \/>\n<meta property=\"og:locale\" content=\"en_US\" \/>\n<meta property=\"og:type\" content=\"article\" \/>\n<meta property=\"og:title\" content=\"Inicio - La Barrita De Pan\" \/>\n<meta property=\"og:description\" content=\"\u00bbLa Barrita de Pan\u00bb Sobre nosotros: Somos un comercio local dedicado a la venta de panader\u00eda y pasteler\u00eda, donde trabajamos cada d\u00eda para ofrecer productos frescos y de calidad. En nuestra panader\u00eda encontrar\u00e1s una selecci\u00f3n de productos pensados para el d\u00eda a d\u00eda, elaborados con dedicaci\u00f3n y orientados a satisfacer todos los gustos. No solo [&hellip;]\" \/>\n<meta property=\"og:url\" content=\"https:\/\/labarritadepan.com\/eu\/\" \/>\n<meta property=\"og:site_name\" content=\"La Barrita De Pan\" \/>\n<meta property=\"article:modified_time\" content=\"2026-03-26T11:18:05+00:00\" \/>\n<meta property=\"og:image\" content=\"https:\/\/labarritadepan.com\/wp-content\/uploads\/2026\/03\/panaderia_02-1024x683.jpg\" \/>\n<meta name=\"twitter:card\" content=\"summary_large_image\" \/>\n<meta name=\"twitter:label1\" content=\"Est. reading time\" \/>\n\t<meta name=\"twitter:data1\" content=\"1 minutua\" \/>\n<script type=\"application\/ld+json\" class=\"yoast-schema-graph\">{\"@context\":\"https:\\\/\\\/schema.org\",\"@graph\":[{\"@type\":\"WebPage\",\"@id\":\"https:\\\/\\\/labarritadepan.com\\\/\",\"url\":\"https:\\\/\\\/labarritadepan.com\\\/\",\"name\":\"Inicio - La Barrita De Pan\",\"isPartOf\":{\"@id\":\"https:\\\/\\\/labarritadepan.com\\\/#website\"},\"primaryImageOfPage\":{\"@id\":\"https:\\\/\\\/labarritadepan.com\\\/#primaryimage\"},\"image\":{\"@id\":\"https:\\\/\\\/labarritadepan.com\\\/#primaryimage\"},\"thumbnailUrl\":\"https:\\\/\\\/labarritadepan.com\\\/wp-content\\\/uploads\\\/2026\\\/03\\\/panaderia_02-1024x683.jpg\",\"datePublished\":\"2026-03-20T09:11:05+00:00\",\"dateModified\":\"2026-03-26T11:18:05+00:00\",\"breadcrumb\":{\"@id\":\"https:\\\/\\\/labarritadepan.com\\\/#breadcrumb\"},\"inLanguage\":\"eu\",\"potentialAction\":[{\"@type\":\"ReadAction\",\"target\":[\"https:\\\/\\\/labarritadepan.com\\\/\"]}]},{\"@type\":\"ImageObject\",\"inLanguage\":\"eu\",\"@id\":\"https:\\\/\\\/labarritadepan.com\\\/#primaryimage\",\"url\":\"https:\\\/\\\/labarritadepan.com\\\/wp-content\\\/uploads\\\/2026\\\/03\\\/panaderia_02-1024x683.jpg\",\"contentUrl\":\"https:\\\/\\\/labarritadepan.com\\\/wp-content\\\/uploads\\\/2026\\\/03\\\/panaderia_02-1024x683.jpg\"},{\"@type\":\"BreadcrumbList\",\"@id\":\"https:\\\/\\\/labarritadepan.com\\\/#breadcrumb\",\"itemListElement\":[{\"@type\":\"ListItem\",\"position\":1,\"name\":\"Portada\",\"item\":\"https:\\\/\\\/labarritadepan.com\\\/\"},{\"@type\":\"ListItem\",\"position\":2,\"name\":\"Inicio\"}]},{\"@type\":\"WebSite\",\"@id\":\"https:\\\/\\\/labarritadepan.com\\\/#website\",\"url\":\"https:\\\/\\\/labarritadepan.com\\\/\",\"name\":\"La Barrita De Pan\",\"description\":\"Panader\u00eda en Sestao, Bizkaia  \\\/+34 944 951 321\",\"publisher\":{\"@id\":\"https:\\\/\\\/labarritadepan.com\\\/#organization\"},\"potentialAction\":[{\"@type\":\"SearchAction\",\"target\":{\"@type\":\"EntryPoint\",\"urlTemplate\":\"https:\\\/\\\/labarritadepan.com\\\/?s={search_term_string}\"},\"query-input\":{\"@type\":\"PropertyValueSpecification\",\"valueRequired\":true,\"valueName\":\"search_term_string\"}}],\"inLanguage\":\"eu\"},{\"@type\":\"Organization\",\"@id\":\"https:\\\/\\\/labarritadepan.com\\\/#organization\",\"name\":\"La Barrita De Pan\",\"url\":\"https:\\\/\\\/labarritadepan.com\\\/\",\"logo\":{\"@type\":\"ImageObject\",\"inLanguage\":\"eu\",\"@id\":\"https:\\\/\\\/labarritadepan.com\\\/#\\\/schema\\\/logo\\\/image\\\/\",\"url\":\"https:\\\/\\\/labarritadepan.com\\\/wp-content\\\/uploads\\\/2026\\\/03\\\/labrarritadepan202506_logoarriba-e1774512927505.jpg\",\"contentUrl\":\"https:\\\/\\\/labarritadepan.com\\\/wp-content\\\/uploads\\\/2026\\\/03\\\/labrarritadepan202506_logoarriba-e1774512927505.jpg\",\"width\":174,\"height\":222,\"caption\":\"La Barrita De Pan\"},\"image\":{\"@id\":\"https:\\\/\\\/labarritadepan.com\\\/#\\\/schema\\\/logo\\\/image\\\/\"}}]}<\/script>\n<!-- \/ Yoast SEO plugin. -->","yoast_head_json":{"title":"Inicio - La Barrita De Pan","robots":{"index":"index","follow":"follow","max-snippet":"max-snippet:-1","max-image-preview":"max-image-preview:large","max-video-preview":"max-video-preview:-1"},"canonical":"https:\/\/labarritadepan.com\/eu\/","og_locale":"en_US","og_type":"article","og_title":"Inicio - La Barrita De Pan","og_description":"\u00bbLa Barrita de Pan\u00bb Sobre nosotros: Somos un comercio local dedicado a la venta de panader\u00eda y pasteler\u00eda, donde trabajamos cada d\u00eda para ofrecer productos frescos y de calidad. En nuestra panader\u00eda encontrar\u00e1s una selecci\u00f3n de productos pensados para el d\u00eda a d\u00eda, elaborados con dedicaci\u00f3n y orientados a satisfacer todos los gustos. No solo [&hellip;]","og_url":"https:\/\/labarritadepan.com\/eu\/","og_site_name":"La Barrita De Pan","article_modified_time":"2026-03-26T11:18:05+00:00","og_image":[{"url":"https:\/\/labarritadepan.com\/wp-content\/uploads\/2026\/03\/panaderia_02-1024x683.jpg","type":"","width":"","height":""}],"twitter_card":"summary_large_image","twitter_misc":{"Est. reading time":"1 minutua"},"schema":{"@context":"https:\/\/schema.org","@graph":[{"@type":"WebPage","@id":"https:\/\/labarritadepan.com\/","url":"https:\/\/labarritadepan.com\/","name":"Inicio - La Barrita De Pan","isPartOf":{"@id":"https:\/\/labarritadepan.com\/#website"},"primaryImageOfPage":{"@id":"https:\/\/labarritadepan.com\/#primaryimage"},"image":{"@id":"https:\/\/labarritadepan.com\/#primaryimage"},"thumbnailUrl":"https:\/\/labarritadepan.com\/wp-content\/uploads\/2026\/03\/panaderia_02-1024x683.jpg","datePublished":"2026-03-20T09:11:05+00:00","dateModified":"2026-03-26T11:18:05+00:00","breadcrumb":{"@id":"https:\/\/labarritadepan.com\/#breadcrumb"},"inLanguage":"eu","potentialAction":[{"@type":"ReadAction","target":["https:\/\/labarritadepan.com\/"]}]},{"@type":"ImageObject","inLanguage":"eu","@id":"https:\/\/labarritadepan.com\/#primaryimage","url":"https:\/\/labarritadepan.com\/wp-content\/uploads\/2026\/03\/panaderia_02-1024x683.jpg","contentUrl":"https:\/\/labarritadepan.com\/wp-content\/uploads\/2026\/03\/panaderia_02-1024x683.jpg"},{"@type":"BreadcrumbList","@id":"https:\/\/labarritadepan.com\/#breadcrumb","itemListElement":[{"@type":"ListItem","position":1,"name":"Portada","item":"https:\/\/labarritadepan.com\/"},{"@type":"ListItem","position":2,"name":"Inicio"}]},{"@type":"WebSite","@id":"https:\/\/labarritadepan.com\/#website","url":"https:\/\/labarritadepan.com\/","name":"La Barrita De Pan","description":"Panader\u00eda en Sestao, Bizkaia  \/+34 944 951 321","publisher":{"@id":"https:\/\/labarritadepan.com\/#organization"},"potentialAction":[{"@type":"SearchAction","target":{"@type":"EntryPoint","urlTemplate":"https:\/\/labarritadepan.com\/?s={search_term_string}"},"query-input":{"@type":"PropertyValueSpecification","valueRequired":true,"valueName":"search_term_string"}}],"inLanguage":"eu"},{"@type":"Organization","@id":"https:\/\/labarritadepan.com\/#organization","name":"La Barrita De Pan","url":"https:\/\/labarritadepan.com\/","logo":{"@type":"ImageObject","inLanguage":"eu","@id":"https:\/\/labarritadepan.com\/#\/schema\/logo\/image\/","url":"https:\/\/labarritadepan.com\/wp-content\/uploads\/2026\/03\/labrarritadepan202506_logoarriba-e1774512927505.jpg","contentUrl":"https:\/\/labarritadepan.com\/wp-content\/uploads\/2026\/03\/labrarritadepan202506_logoarriba-e1774512927505.jpg","width":174,"height":222,"caption":"La Barrita De Pan"},"image":{"@id":"https:\/\/labarritadepan.com\/#\/schema\/logo\/image\/"}}]}},"_links":{"self":[{"href":"https:\/\/labarritadepan.com\/eu\/wp-json\/wp\/v2\/pages\/2","targetHints":{"allow":["GET"]}}],"collection":[{"href":"https:\/\/labarritadepan.com\/eu\/wp-json\/wp\/v2\/pages"}],"about":[{"href":"https:\/\/labarritadepan.com\/eu\/wp-json\/wp\/v2\/types\/page"}],"author":[{"embeddable":true,"href":"https:\/\/labarritadepan.com\/eu\/wp-json\/wp\/v2\/users\/1"}],"replies":[{"embeddable":true,"href":"https:\/\/labarritadepan.com\/eu\/wp-json\/wp\/v2\/comments?post=2"}],"version-history":[{"count":40,"href":"https:\/\/labarritadepan.com\/eu\/wp-json\/wp\/v2\/pages\/2\/revisions"}],"predecessor-version":[{"id":246,"href":"https:\/\/labarritadepan.com\/eu\/wp-json\/wp\/v2\/pages\/2\/revisions\/246"}],"wp:attachment":[{"href":"https:\/\/labarritadepan.com\/eu\/wp-json\/wp\/v2\/media?parent=2"}],"curies":[{"name":"wp","href":"https:\/\/api.w.org\/{rel}","templated":true}]}}